{"id":295,"date":"2021-11-06T16:02:55","date_gmt":"2021-11-06T15:02:55","guid":{"rendered":"https:\/\/wearefullframe.com\/our-why\/"},"modified":"2021-11-06T16:02:55","modified_gmt":"2021-11-06T15:02:55","slug":"our-why","status":"publish","type":"page","link":"https:\/\/wearefullframe.com\/en\/our-why\/","title":{"rendered":"Our why"},"content":{"rendered":"<div class=\"page\" title=\"Page 2\">\n<div class=\"section\">\n<div class=\"layoutArea\">\n<div class=\"column\">\n<p><span style=\"font-weight: 400;\"><strong>Full Frame Studio SL<\/strong> somos una <strong>productora audiovisual<\/strong> de <strong>creacio\u0301n de contenido + direccio\u0301n creativa<\/strong>. <\/span><span style=\"font-weight: 400;\">Trabajamos creando historias y empoderando marcas, que es lo que realmente nos encanta. <\/span><span style=\"font-weight: 400;\">Llevamos m\u00e1s de seis a\u00f1os en la industria audiovisual con Andrea Font como CEO.\u00a0<\/span><\/p>\n<p><span style=\"font-weight: 400;\">Nuestro punto fuerte es la <strong>preproduccio\u0301n<\/strong>, <strong>produccio\u0301n<\/strong> y <strong>postproduccio\u0301n<\/strong> de contenido digital de <strong>fotograf\u00eda y v\u00eddeo<\/strong> con equipos humanos con mucho talento y compromiso. Nuestra f\u00f3rmula secreta para producir los proyectos es <\/span><span style=\"font-weight: 400;\">APTITUD + ACTITUD + AMOR. E<\/span><span style=\"font-weight: 400;\">sos son los pilares fundamentales de nuestro filosof\u00eda de trabajo. <\/span><span style=\"font-weight: 400;\">La creatividad de los miembros del equipo hace que cada proyecto tenga una historia y una magia detr\u00e1s que, sumada con nuestros a\u00f1os de experiencia, acaba siendo un resultado perfecto entre lo que las marcas quieren y pensaban que no pod\u00edan crear, hasta que nos conocieron\u2026\u00a0<\/span><\/p>\n<p>Somos <strong>rompedores<\/strong>, somos <strong>h\u00edbridos<\/strong>, somos <strong>pasionales<\/strong>. Algo diferente tiene nuestra productora para que tengamos como cliente desde Elrow hasta la gigante inmobiliaria CBRE \ud83d\ude09<\/p>\n<p>&nbsp;<\/p>\n<\/div>\n<\/div>\n<\/div>\n<\/div>\n","protected":false},"excerpt":{"rendered":"<p>Full Frame Studio SL somos una productora audiovisual de creacio\u0301n de contenido + direccio\u0301n creativa. Trabajamos creando historias y empoderando&#8230;<\/p>\n","protected":false},"author":1,"featured_media":720,"parent":0,"menu_order":0,"comment_status":"closed","ping_status":"closed","template":"views\/template-about.blade.php","meta":[],"yoast_head":"<!-- This site is optimized with the Yoast SEO plugin v20.1 - https:\/\/yoast.com\/wordpress\/plugins\/seo\/ -->\n<title>Our why &ndash; Full Frame Studio<\/title>\n<meta name=\"robots\" content=\"index, follow, max-snippet:-1, max-image-preview:large, max-video-preview:-1\" \/>\n<link rel=\"canonical\" href=\"https:\/\/wearefullframe.com\/en\/our-why\/\" \/>\n<meta property=\"og:locale\" content=\"en_US\" \/>\n<meta property=\"og:type\" content=\"article\" \/>\n<meta property=\"og:title\" content=\"Our why &ndash; Full Frame Studio\" \/>\n<meta property=\"og:description\" content=\"Full Frame Studio SL somos una productora audiovisual de creacio\u0301n de contenido + direccio\u0301n creativa. Trabajamos creando historias y empoderando...\" \/>\n<meta property=\"og:url\" content=\"https:\/\/wearefullframe.com\/en\/our-why\/\" \/>\n<meta property=\"og:site_name\" content=\"Full Frame Studio\" \/>\n<meta name=\"twitter:card\" content=\"summary_large_image\" \/>\n<meta name=\"twitter:label1\" content=\"Est. reading time\" \/>\n\t<meta name=\"twitter:data1\" content=\"1 minute\" \/>\n<script type=\"application\/ld+json\" class=\"yoast-schema-graph\">{\"@context\":\"https:\/\/schema.org\",\"@graph\":[{\"@type\":\"WebPage\",\"@id\":\"https:\/\/wearefullframe.com\/en\/our-why\/\",\"url\":\"https:\/\/wearefullframe.com\/en\/our-why\/\",\"name\":\"Our why &ndash; Full Frame Studio\",\"isPartOf\":{\"@id\":\"https:\/\/wearefullframe.com\/#website\"},\"datePublished\":\"2021-11-06T15:02:55+00:00\",\"dateModified\":\"2021-11-06T15:02:55+00:00\",\"breadcrumb\":{\"@id\":\"https:\/\/wearefullframe.com\/en\/our-why\/#breadcrumb\"},\"inLanguage\":\"en-US\",\"potentialAction\":[{\"@type\":\"ReadAction\",\"target\":[\"https:\/\/wearefullframe.com\/en\/our-why\/\"]}]},{\"@type\":\"BreadcrumbList\",\"@id\":\"https:\/\/wearefullframe.com\/en\/our-why\/#breadcrumb\",\"itemListElement\":[{\"@type\":\"ListItem\",\"position\":1,\"name\":\"Home\",\"item\":\"https:\/\/wearefullframe.com\/\"},{\"@type\":\"ListItem\",\"position\":2,\"name\":\"Our why\"}]},{\"@type\":\"WebSite\",\"@id\":\"https:\/\/wearefullframe.com\/#website\",\"url\":\"https:\/\/wearefullframe.com\/\",\"name\":\"Full Frame Studio\",\"description\":\"\",\"publisher\":{\"@id\":\"https:\/\/wearefullframe.com\/#organization\"},\"inLanguage\":\"en-US\"},{\"@type\":\"Organization\",\"@id\":\"https:\/\/wearefullframe.com\/#organization\",\"name\":\"Full Frame Studio\",\"url\":\"https:\/\/wearefullframe.com\/\",\"logo\":{\"@type\":\"ImageObject\",\"inLanguage\":\"en-US\",\"@id\":\"https:\/\/wearefullframe.com\/#\/schema\/logo\/image\/\",\"url\":\"https:\/\/wearefullframe.com\/wp-content\/uploads\/2021\/11\/logo-1.svg\",\"contentUrl\":\"https:\/\/wearefullframe.com\/wp-content\/uploads\/2021\/11\/logo-1.svg\",\"width\":1,\"height\":1,\"caption\":\"Full Frame Studio\"},\"image\":{\"@id\":\"https:\/\/wearefullframe.com\/#\/schema\/logo\/image\/\"},\"sameAs\":[\"https:\/\/www.instagram.com\/wearefullframe\/\"]}]}<\/script>\n<!-- \/ Yoast SEO plugin. -->","yoast_head_json":{"title":"Our why &ndash; Full Frame Studio","robots":{"index":"index","follow":"follow","max-snippet":"max-snippet:-1","max-image-preview":"max-image-preview:large","max-video-preview":"max-video-preview:-1"},"canonical":"https:\/\/wearefullframe.com\/en\/our-why\/","og_locale":"en_US","og_type":"article","og_title":"Our why &ndash; Full Frame Studio","og_description":"Full Frame Studio SL somos una productora audiovisual de creacio\u0301n de contenido + direccio\u0301n creativa. Trabajamos creando historias y empoderando...","og_url":"https:\/\/wearefullframe.com\/en\/our-why\/","og_site_name":"Full Frame Studio","twitter_card":"summary_large_image","twitter_misc":{"Est. reading time":"1 minute"},"schema":{"@context":"https:\/\/schema.org","@graph":[{"@type":"WebPage","@id":"https:\/\/wearefullframe.com\/en\/our-why\/","url":"https:\/\/wearefullframe.com\/en\/our-why\/","name":"Our why &ndash; Full Frame Studio","isPartOf":{"@id":"https:\/\/wearefullframe.com\/#website"},"datePublished":"2021-11-06T15:02:55+00:00","dateModified":"2021-11-06T15:02:55+00:00","breadcrumb":{"@id":"https:\/\/wearefullframe.com\/en\/our-why\/#breadcrumb"},"inLanguage":"en-US","potentialAction":[{"@type":"ReadAction","target":["https:\/\/wearefullframe.com\/en\/our-why\/"]}]},{"@type":"BreadcrumbList","@id":"https:\/\/wearefullframe.com\/en\/our-why\/#breadcrumb","itemListElement":[{"@type":"ListItem","position":1,"name":"Home","item":"https:\/\/wearefullframe.com\/"},{"@type":"ListItem","position":2,"name":"Our why"}]},{"@type":"WebSite","@id":"https:\/\/wearefullframe.com\/#website","url":"https:\/\/wearefullframe.com\/","name":"Full Frame Studio","description":"","publisher":{"@id":"https:\/\/wearefullframe.com\/#organization"},"inLanguage":"en-US"},{"@type":"Organization","@id":"https:\/\/wearefullframe.com\/#organization","name":"Full Frame Studio","url":"https:\/\/wearefullframe.com\/","logo":{"@type":"ImageObject","inLanguage":"en-US","@id":"https:\/\/wearefullframe.com\/#\/schema\/logo\/image\/","url":"https:\/\/wearefullframe.com\/wp-content\/uploads\/2021\/11\/logo-1.svg","contentUrl":"https:\/\/wearefullframe.com\/wp-content\/uploads\/2021\/11\/logo-1.svg","width":1,"height":1,"caption":"Full Frame Studio"},"image":{"@id":"https:\/\/wearefullframe.com\/#\/schema\/logo\/image\/"},"sameAs":["https:\/\/www.instagram.com\/wearefullframe\/"]}]}},"_links":{"self":[{"href":"https:\/\/wearefullframe.com\/en\/wp-json\/wp\/v2\/pages\/295"}],"collection":[{"href":"https:\/\/wearefullframe.com\/en\/wp-json\/wp\/v2\/pages"}],"about":[{"href":"https:\/\/wearefullframe.com\/en\/wp-json\/wp\/v2\/types\/page"}],"author":[{"embeddable":true,"href":"https:\/\/wearefullframe.com\/en\/wp-json\/wp\/v2\/users\/1"}],"replies":[{"embeddable":true,"href":"https:\/\/wearefullframe.com\/en\/wp-json\/wp\/v2\/comments?post=295"}],"version-history":[{"count":1,"href":"https:\/\/wearefullframe.com\/en\/wp-json\/wp\/v2\/pages\/295\/revisions"}],"predecessor-version":[{"id":296,"href":"https:\/\/wearefullframe.com\/en\/wp-json\/wp\/v2\/pages\/295\/revisions\/296"}],"wp:featuredmedia":[{"embeddable":true,"href":"https:\/\/wearefullframe.com\/en\/wp-json\/wp\/v2\/media\/720"}],"wp:attachment":[{"href":"https:\/\/wearefullframe.com\/en\/wp-json\/wp\/v2\/media?parent=295"}],"curies":[{"name":"wp","href":"https:\/\/api.w.org\/{rel}","templated":true}]}}